{"id":33,"date":"2019-02-27T12:26:48","date_gmt":"2019-02-27T11:26:48","guid":{"rendered":"http:\/\/80.108.219.140\/en\/?page_id=33"},"modified":"2022-12-09T16:40:21","modified_gmt":"2022-12-09T15:40:21","slug":"impressum","status":"publish","type":"page","link":"https:\/\/logsped.com\/en\/impressum\/","title":{"rendered":"Impressum"},"content":{"rendered":"\n<p><strong>LOGSPED<\/strong><br>Speditions GmbH.<br>Dr. Rudolf Noll Gasse 1 \/ 2 \/ 4<br>A-2230 G\u00e4nserndorf<br>Telefon: +43 2232 77377<br>Telefax: +43 2232 77377 10<br>Email: office@logsped.com<\/p>\n\n\n\n<p><strong>Gesch\u00e4ftsf\u00fchrer: Alexander Krauss<\/strong><br>Firmenbuchnummer: FN 75005b<br>Erf\u00fcllungsort und Gerichtsstand: Wien<br>Ust.Ident.Nr.: ATU 15395702<br>Wir arbeiten ausschlie\u00dflich auf Grund der Allg. \u00d6sterr.Spediteurbedingungen (A\u00d6Sp) in der nach der jeweiligen Kundmachung in der&#8221;Wiener Zeitung&#8221; geltenden Fassung.<\/p>\n\n\n\n<p><strong>Haftungsausschluss<\/strong><\/p>\n\n\n\n<p><strong>Inhalt des Onlineangebotes<\/strong><\/p>\n\n\n\n<p>Der Autor \u00fcbernimmt keinerlei Gew\u00e4hr f\u00fcr die Aktualit\u00e4t,\nKorrektheit, Vollst\u00e4ndigkeit oder Qualit\u00e4t der bereitgestellten Informationen.\nHaftungsanspr\u00fcche gegen den Autor, welche sich auf Sch\u00e4den materieller oder\nideeller Art beziehen, die durch die Nutzung oder Nichtnutzung der dargebotenen\nInformationen bzw. durch die Nutzung fehlerhafter und unvollst\u00e4ndiger\nInformationen verursacht wurden, sind grunds\u00e4tzlich ausgeschlossen, sofern\nseitens des Autors kein nachweislich vors\u00e4tzliches oder grob fahrl\u00e4ssiges\nVerschulden vorliegt.<\/p>\n\n\n\n<p>Alle Angebote sind freibleibend und unverbindlich. Der Autor beh\u00e4lt\nes sich ausdr\u00fccklich vor, Teile der Seiten oder das gesamte Angebot ohne\ngesonderte Ank\u00fcndigung zu ver\u00e4ndern, zu erg\u00e4nzen, zu l\u00f6schen oder die\nVer\u00f6ffentlichung zeitweise oder endg\u00fcltig einzustellen.<\/p>\n\n\n\n<p><strong>Verweise und Links<\/strong><\/p>\n\n\n\n<p>Bei direkten oder indirekten Verweisen auf fremde Webseiten\n(&#8220;Hyperlinks&#8221;), die au\u00dferhalb des Verantwortungsbereiches des Autors\nliegen, w\u00fcrde eine Haftungsverpflichtung ausschlie\u00dflich in dem Fall in Kraft\ntreten, in dem der Autor von den Inhalten Kenntnis hat und es ihm technisch\nm\u00f6glich und zumutbar w\u00e4re, die Nutzung im Falle rechtswidriger Inhalte zu\nverhindern.<\/p>\n\n\n\n<p>Der Autor erkl\u00e4rt hiermit ausdr\u00fccklich, dass zum Zeitpunkt der\nLinksetzung keine illegalen Inhalte auf den zu verlinkenden Seiten erkennbar\nwaren. Auf die aktuelle und zuk\u00fcnftige Gestaltung, die Inhalte oder die\nUrheberschaft der verlinkten\/verkn\u00fcpften Seiten hat der Autor keinerlei\nEinfluss. Deshalb distanziert er sich hiermit ausdr\u00fccklich von allen Inhalten\naller verlinkten \/verkn\u00fcpften Seiten, die nach der Linksetzung ver\u00e4ndert\nwurden. Diese Feststellung gilt f\u00fcr alle innerhalb des eigenen\nInternetangebotes gesetzten Links und Verweise sowie f\u00fcr Fremdeintr\u00e4ge in vom\nAutor eingerichteten G\u00e4steb\u00fcchern, Diskussionsforen, Linkverzeichnissen,\nMailinglisten und in allen anderen Formen von Datenbanken, auf deren Inhalt\nexterne Schreibzugriffe m\u00f6glich sind. F\u00fcr illegale, fehlerhafte oder\nunvollst\u00e4ndige Inhalte und insbesondere f\u00fcr Sch\u00e4den, die aus der Nutzung oder\nNichtnutzung solcherart dargebotener Informationen entstehen, haftet allein der\nAnbieter der Seite, auf welche verwiesen wurde, nicht derjenige, der \u00fcber Links\nauf die jeweilige Ver\u00f6ffentlichung lediglich verweist.<\/p>\n\n\n\n<p><strong>Urheber- und\nKennzeichenrecht<\/strong><\/p>\n\n\n\n<p>Der Autor ist bestrebt, in allen Publikationen die Urheberrechte der\nverwendeten Grafiken, Tondokumente, Videosequenzen und Texte zu beachten, von\nihm selbst erstellte Grafiken, Tondokumente, Videosequenzen und Texte zu nutzen\noder auf lizenzfreie Grafiken, Tondokumente, Videosequenzen und Texte\nzur\u00fcckzugreifen.<\/p>\n\n\n\n<p>Alle innerhalb des Internetangebotes genannten und ggf. durch Dritte\ngesch\u00fctzten Marken- und Warenzeichen unterliegen uneingeschr\u00e4nkt den\nBestimmungen des jeweils g\u00fcltigen Kennzeichenrechts und den Besitzrechten der\njeweiligen eingetragenen Eigent\u00fcmer. Allein aufgrund der blo\u00dfen Nennung ist\nnicht der Schluss zu ziehen, dass Markenzeichen nicht durch Rechte Dritter\ngesch\u00fctzt sind!<\/p>\n\n\n\n<p>Das Copyright f\u00fcr ver\u00f6ffentlichte, vom Autor selbst erstellte\nObjekte bleibt allein beim Autor der Seiten. Eine Vervielf\u00e4ltigung oder\nVerwendung solcher Grafiken, Tondokumente, Videosequenzen und Texte in anderen\nelektronischen oder gedruckten Publikationen ist ohne ausdr\u00fcckliche Zustimmung\ndes Autors nicht gestattet.<\/p>\n\n\n\n<p><strong>Datenschutzerkl\u00e4rung<\/strong><\/p>\n\n\n\n<p>Der Schutz Ihrer pers\u00f6nlichen Daten ist uns ein besonderes Anliegen.\nWir verarbeiten Ihre Daten daher ausschlie\u00dflich auf Grundlage der gesetzlichen\nBestimmungen (DSGVO, TKG 2003). In diesen Datenschutzinformationen informieren\nwir Sie \u00fcber die wichtigsten Aspekte der Datenverarbeitung im Rahmen unserer\nWebsite.<\/p>\n\n\n\n<p><strong>Kontakt\nmit uns<\/strong><\/p>\n\n\n\n<p>Wenn Sie per Formular auf der Website oder\nper E-Mail Kontakt mit uns aufnehmen, werden Ihre angegebenen Daten zwecks\nBearbeitung der Anfrage und f\u00fcr den Fall von Anschlussfragen sechs Monate bei\nuns gespeichert. Diese Daten geben wir nicht ohne Ihre Einwilligung weiter.<\/p>\n\n\n\n<p><strong>Datenspeicherung<\/strong><\/p>\n\n\n\n<p>Es werden zum Zweck der Vertragsabwicklung\nfolgende Daten&nbsp; bei uns gespeichert:\nFirmendaten wie Name und Adresse, relevanten Firmennummern wie Tel. ATU und\nEORI Nummern . Die von Ihnen bereit gestellten Daten sind zur Vertragserf\u00fcllung\nbzw zur Durchf\u00fchrung vorvertraglicher Ma\u00dfnahmen erforderlich. Ohne diese Daten\nk\u00f6nnen wir den Vertrag mit Ihnen nicht abschlie\u00dfen. Eine Daten\u00fcbermittlung an\nDritte erfolgt nicht, mit Ausnahme der \u00dcbermittlung an Beh\u00f6rden und unseren\nSteuerberater zur Erf\u00fcllung unserer steuerrechtlichen Verpflichtungen.<\/p>\n\n\n\n<p>Im Falle eines Vertragsabschlusses\nwerden s\u00e4mtliche Daten aus dem Vertragsverh\u00e4ltnis bis zum Ablauf der\nsteuerrechtlichen Aufbewahrungsfrist (7 Jahre) gespeichert. Die\nDatenverarbeitung erfolgt auf Basis der gesetzlichen Bestimmungen des \u00a7 96 Abs\n3 TKG sowie des Art 6 Abs 1 lit a (Einwilligung) und\/oder lit b (notwendig zur\nVertragserf\u00fcllung) der DSGVO.<\/p>\n\n\n\n<p><strong>Ihre Rechte<\/strong><\/p>\n\n\n\n<p>Ihnen stehen bez\u00fcglich Ihrer bei uns\ngespeicherten Daten grunds\u00e4tzlich die Rechte auf Auskunft, Berichtigung,\nL\u00f6schung, Einschr\u00e4nkung, Daten\u00fcbertragbarkeit, Widerruf und Widerspruch zu.\nWenn Sie glauben, dass die Verarbeitung Ihrer Daten gegen das Datenschutzrecht\nverst\u00f6\u00dft oder Ihre datenschutzrechtlichen Anspr\u00fcche sonst in einer Weise\nverletzt worden sind, k\u00f6nnen Sie sich bei uns unter office@logsped.com oder der\nDatenschutzbeh\u00f6rde beschweren.<\/p>\n","protected":false},"excerpt":{"rendered":"<p>LOGSPEDSpeditions GmbH.Dr. Rudolf Noll Gasse 1 \/ 2 \/ 4A-2230 G\u00e4nserndorfTelefon: +43 2232 77377Telefax: +43 2232 77377 10Email: office@logsped.com Gesch\u00e4ftsf\u00fchrer: Alexander KraussFirmenbuchnummer: FN 75005bErf\u00fcllungsort und Gerichtsstand: WienUst.Ident.Nr.: ATU 15395702Wir arbeiten ausschlie\u00dflich auf Grund der Allg. \u00d6sterr.Spediteurbedingungen (A\u00d6Sp) in der nach der jeweiligen Kundmachung in der&#8221;Wiener Zeitung&#8221; geltenden Fassung. Haftungsausschluss Inhalt des Onlineangebotes Der Autor \u00fcbernimmt [&hellip;]<\/p>\n","protected":false},"author":1,"featured_media":0,"parent":0,"menu_order":0,"comment_status":"closed","ping_status":"closed","template":"","meta":[],"_links":{"self":[{"href":"https:\/\/logsped.com\/en\/wp-json\/wp\/v2\/pages\/33"}],"collection":[{"href":"https:\/\/logsped.com\/en\/wp-json\/wp\/v2\/pages"}],"about":[{"href":"https:\/\/logsped.com\/en\/wp-json\/wp\/v2\/types\/page"}],"author":[{"embeddable":true,"href":"https:\/\/logsped.com\/en\/wp-json\/wp\/v2\/users\/1"}],"replies":[{"embeddable":true,"href":"https:\/\/logsped.com\/en\/wp-json\/wp\/v2\/comments?post=33"}],"version-history":[{"count":3,"href":"https:\/\/logsped.com\/en\/wp-json\/wp\/v2\/pages\/33\/revisions"}],"predecessor-version":[{"id":168,"href":"https:\/\/logsped.com\/en\/wp-json\/wp\/v2\/pages\/33\/revisions\/168"}],"wp:attachment":[{"href":"https:\/\/logsped.com\/en\/wp-json\/wp\/v2\/media?parent=33"}],"curies":[{"name":"wp","href":"https:\/\/api.w.org\/{rel}","templated":true}]}}